{"id":368,"date":"2014-03-24T14:50:52","date_gmt":"2014-03-24T14:50:52","guid":{"rendered":"http:\/\/andreas-singers.de\/wordpress\/?page_id=368"},"modified":"2026-01-17T08:04:54","modified_gmt":"2026-01-17T08:04:54","slug":"qualifizierung","status":"publish","type":"page","link":"http:\/\/andreas-singers.de\/wordpress\/?page_id=368","title":{"rendered":"Qualifizierung"},"content":{"rendered":"<p><a href=\"http:\/\/andreas-singers.de\/wordpress\/wp-content\/uploads\/2023\/11\/Urkunde-Pfarrei-25-Jahre-scaled.jpg\"><img loading=\"lazy\" decoding=\"async\" class=\"size-medium wp-image-840 aligncenter\" src=\"http:\/\/andreas-singers.de\/wordpress\/wp-content\/uploads\/2023\/11\/Urkunde-Pfarrei-25-Jahre-212x300.jpg\" alt=\"\" width=\"212\" height=\"300\" srcset=\"http:\/\/andreas-singers.de\/wordpress\/wp-content\/uploads\/2023\/11\/Urkunde-Pfarrei-25-Jahre-212x300.jpg 212w, http:\/\/andreas-singers.de\/wordpress\/wp-content\/uploads\/2023\/11\/Urkunde-Pfarrei-25-Jahre-724x1024.jpg 724w, http:\/\/andreas-singers.de\/wordpress\/wp-content\/uploads\/2023\/11\/Urkunde-Pfarrei-25-Jahre-768x1086.jpg 768w, http:\/\/andreas-singers.de\/wordpress\/wp-content\/uploads\/2023\/11\/Urkunde-Pfarrei-25-Jahre-1087x1536.jpg 1087w, http:\/\/andreas-singers.de\/wordpress\/wp-content\/uploads\/2023\/11\/Urkunde-Pfarrei-25-Jahre-1449x2048.jpg 1449w, http:\/\/andreas-singers.de\/wordpress\/wp-content\/uploads\/2023\/11\/Urkunde-Pfarrei-25-Jahre-scaled.jpg 1811w\" sizes=\"auto, (max-width: 212px) 100vw, 212px\" \/><\/a><\/p>\n<p>Hier k\u00f6nnt ihr sehen, dass wir immer bem\u00fcht sind uns weiterzubilden. \u00dcber die Urkunde von Pater Alex, die er uns anl\u00e4sslich unseres 25j\u00e4hrigen Chorjubil\u00e4um im Rahmen des Konzertes \u00fcberreicht hat, freuen wir uns besonders.<\/p>\n<p><a href=\"http:\/\/andreas-singers.de\/wordpress\/wp-content\/uploads\/2026\/01\/MelanieKantor.png\"><img loading=\"lazy\" decoding=\"async\" class=\"alignnone size-medium wp-image-887\" src=\"http:\/\/andreas-singers.de\/wordpress\/wp-content\/uploads\/2026\/01\/MelanieKantor-212x300.png\" alt=\"\" width=\"212\" height=\"300\" srcset=\"http:\/\/andreas-singers.de\/wordpress\/wp-content\/uploads\/2026\/01\/MelanieKantor-212x300.png 212w, http:\/\/andreas-singers.de\/wordpress\/wp-content\/uploads\/2026\/01\/MelanieKantor.png 707w\" sizes=\"auto, (max-width: 212px) 100vw, 212px\" \/><\/a><\/p>\n<p><a href=\"http:\/\/andreas-singers.de\/wordpress\/wp-content\/uploads\/2014\/04\/SaengerBirgit2.png\"><img loading=\"lazy\" decoding=\"async\" class=\"alignnone size-medium wp-image-374\" src=\"http:\/\/andreas-singers.de\/wordpress\/wp-content\/uploads\/2014\/04\/SaengerBirgit2-209x300.png\" alt=\"SaengerBirgit2\" width=\"209\" height=\"300\" srcset=\"http:\/\/andreas-singers.de\/wordpress\/wp-content\/uploads\/2014\/04\/SaengerBirgit2-209x300.png 209w, http:\/\/andreas-singers.de\/wordpress\/wp-content\/uploads\/2014\/04\/SaengerBirgit2.png 417w\" sizes=\"auto, (max-width: 209px) 100vw, 209px\" \/><\/a> <a href=\"http:\/\/andreas-singers.de\/wordpress\/wp-content\/uploads\/2014\/04\/SaengerBirgit1.png\"><img loading=\"lazy\" decoding=\"async\" class=\"alignnone size-medium wp-image-373\" src=\"http:\/\/andreas-singers.de\/wordpress\/wp-content\/uploads\/2014\/04\/SaengerBirgit1-211x300.png\" alt=\"SaengerBirgit1\" width=\"211\" height=\"300\" srcset=\"http:\/\/andreas-singers.de\/wordpress\/wp-content\/uploads\/2014\/04\/SaengerBirgit1-211x300.png 211w, http:\/\/andreas-singers.de\/wordpress\/wp-content\/uploads\/2014\/04\/SaengerBirgit1.png 414w\" sizes=\"auto, (max-width: 211px) 100vw, 211px\" \/><\/a><\/p>\n<p><a href=\"http:\/\/andreas-singers.de\/wordpress\/wp-content\/uploads\/2014\/04\/SaengerPetra2.png\"><img loading=\"lazy\" decoding=\"async\" class=\"alignnone size-medium wp-image-377\" src=\"http:\/\/andreas-singers.de\/wordpress\/wp-content\/uploads\/2014\/04\/SaengerPetra2-205x300.png\" alt=\"SaengerPetra2\" width=\"205\" height=\"300\" srcset=\"http:\/\/andreas-singers.de\/wordpress\/wp-content\/uploads\/2014\/04\/SaengerPetra2-205x300.png 205w, http:\/\/andreas-singers.de\/wordpress\/wp-content\/uploads\/2014\/04\/SaengerPetra2.png 404w\" sizes=\"auto, (max-width: 205px) 100vw, 205px\" \/><\/a> <a href=\"http:\/\/andreas-singers.de\/wordpress\/wp-content\/uploads\/2014\/04\/SaengerPetra1.png\"><img loading=\"lazy\" decoding=\"async\" class=\"alignnone size-medium wp-image-376\" src=\"http:\/\/andreas-singers.de\/wordpress\/wp-content\/uploads\/2014\/04\/SaengerPetra1-209x300.png\" alt=\"SaengerPetra1\" width=\"209\" height=\"300\" srcset=\"http:\/\/andreas-singers.de\/wordpress\/wp-content\/uploads\/2014\/04\/SaengerPetra1-209x300.png 209w, http:\/\/andreas-singers.de\/wordpress\/wp-content\/uploads\/2014\/04\/SaengerPetra1.png 412w\" sizes=\"auto, (max-width: 209px) 100vw, 209px\" \/><\/a><\/p>\n<p><a href=\"http:\/\/andreas-singers.de\/wordpress\/wp-content\/uploads\/2014\/03\/petra3.png\"><img loading=\"lazy\" decoding=\"async\" class=\"alignnone size-medium wp-image-387\" src=\"http:\/\/andreas-singers.de\/wordpress\/wp-content\/uploads\/2014\/03\/petra3-206x300.png\" alt=\"petra3\" width=\"206\" height=\"300\" srcset=\"http:\/\/andreas-singers.de\/wordpress\/wp-content\/uploads\/2014\/03\/petra3-206x300.png 206w, http:\/\/andreas-singers.de\/wordpress\/wp-content\/uploads\/2014\/03\/petra3.png 412w\" sizes=\"auto, (max-width: 206px) 100vw, 206px\" \/><\/a><a href=\"http:\/\/andreas-singers.de\/wordpress\/wp-content\/uploads\/2014\/03\/Urkunde1kl.png\"><img loading=\"lazy\" decoding=\"async\" class=\"alignnone size-medium wp-image-382\" src=\"http:\/\/andreas-singers.de\/wordpress\/wp-content\/uploads\/2014\/03\/Urkunde1kl-206x300.png\" alt=\"Urkunde1kl\" width=\"206\" height=\"300\" srcset=\"http:\/\/andreas-singers.de\/wordpress\/wp-content\/uploads\/2014\/03\/Urkunde1kl-206x300.png 206w, http:\/\/andreas-singers.de\/wordpress\/wp-content\/uploads\/2014\/03\/Urkunde1kl.png 413w\" sizes=\"auto, (max-width: 206px) 100vw, 206px\" \/><\/a><a href=\"http:\/\/andreas-singers.de\/wordpress\/wp-content\/uploads\/2014\/03\/Urkunde2kl.png\"><img loading=\"lazy\" decoding=\"async\" class=\"alignnone size-medium wp-image-384\" src=\"http:\/\/andreas-singers.de\/wordpress\/wp-content\/uploads\/2014\/03\/Urkunde2kl-205x300.png\" alt=\"Urkunde2kl\" width=\"205\" height=\"300\" srcset=\"http:\/\/andreas-singers.de\/wordpress\/wp-content\/uploads\/2014\/03\/Urkunde2kl-205x300.png 205w, http:\/\/andreas-singers.de\/wordpress\/wp-content\/uploads\/2014\/03\/Urkunde2kl.png 411w\" sizes=\"auto, (max-width: 205px) 100vw, 205px\" \/><\/a> <a href=\"http:\/\/andreas-singers.de\/wordpress\/wp-content\/uploads\/2014\/03\/Urkunde3kl.png\"><img loading=\"lazy\" decoding=\"async\" class=\"alignnone size-medium wp-image-385\" src=\"http:\/\/andreas-singers.de\/wordpress\/wp-content\/uploads\/2014\/03\/Urkunde3kl-209x300.png\" alt=\"Urkunde3kl\" width=\"209\" height=\"300\" srcset=\"http:\/\/andreas-singers.de\/wordpress\/wp-content\/uploads\/2014\/03\/Urkunde3kl-209x300.png 209w, http:\/\/andreas-singers.de\/wordpress\/wp-content\/uploads\/2014\/03\/Urkunde3kl.png 418w\" sizes=\"auto, (max-width: 209px) 100vw, 209px\" \/><\/a><\/p>\n","protected":false},"excerpt":{"rendered":"<p>Hier k\u00f6nnt ihr sehen, dass wir immer bem\u00fcht sind uns weiterzubilden. \u00dcber die Urkunde von Pater Alex, die er uns anl\u00e4sslich unseres 25j\u00e4hrigen Chorjubil\u00e4um im Rahmen des Konzertes \u00fcberreicht hat, freuen wir uns besonders.<\/p>\n","protected":false},"author":1,"featured_media":781,"parent":0,"menu_order":0,"comment_status":"closed","ping_status":"closed","template":"","meta":{"ngg_post_thumbnail":0,"footnotes":""},"class_list":["post-368","page","type-page","status-publish","has-post-thumbnail","hentry"],"_links":{"self":[{"href":"http:\/\/andreas-singers.de\/wordpress\/index.php?rest_route=\/wp\/v2\/pages\/368","targetHints":{"allow":["GET"]}}],"collection":[{"href":"http:\/\/andreas-singers.de\/wordpress\/index.php?rest_route=\/wp\/v2\/pages"}],"about":[{"href":"http:\/\/andreas-singers.de\/wordpress\/index.php?rest_route=\/wp\/v2\/types\/page"}],"author":[{"embeddable":true,"href":"http:\/\/andreas-singers.de\/wordpress\/index.php?rest_route=\/wp\/v2\/users\/1"}],"replies":[{"embeddable":true,"href":"http:\/\/andreas-singers.de\/wordpress\/index.php?rest_route=%2Fwp%2Fv2%2Fcomments&post=368"}],"version-history":[{"count":14,"href":"http:\/\/andreas-singers.de\/wordpress\/index.php?rest_route=\/wp\/v2\/pages\/368\/revisions"}],"predecessor-version":[{"id":888,"href":"http:\/\/andreas-singers.de\/wordpress\/index.php?rest_route=\/wp\/v2\/pages\/368\/revisions\/888"}],"wp:featuredmedia":[{"embeddable":true,"href":"http:\/\/andreas-singers.de\/wordpress\/index.php?rest_route=\/wp\/v2\/media\/781"}],"wp:attachment":[{"href":"http:\/\/andreas-singers.de\/wordpress\/index.php?rest_route=%2Fwp%2Fv2%2Fmedia&parent=368"}],"curies":[{"name":"wp","href":"https:\/\/api.w.org\/{rel}","templated":true}]}}