{"id":21,"date":"2012-10-07T07:30:20","date_gmt":"2012-10-07T07:30:20","guid":{"rendered":"http:\/\/andreas-singers.de\/wordpress\/?page_id=21"},"modified":"2026-01-17T10:02:23","modified_gmt":"2026-01-17T10:02:23","slug":"kontaktimpressum","status":"publish","type":"page","link":"http:\/\/andreas-singers.de\/wordpress\/?page_id=21","title":{"rendered":"Kontakt\/Impressum"},"content":{"rendered":"<p>Andreas-Singers<\/p>\n<p>Petra Hachmann-Weber<br \/>\nJahnstr. 37a<br \/>\n93326 Abensberg<br \/>\nE-Mail: <a href=\"mailto:petra@andreas-singers.de\">petra@andreas-singers.de<\/a><\/p>\n<p>Birgit Reisinger<br \/>\nFlurweg 24<br \/>\n93333 Bad G\u00f6gging<br \/>\nE-Mail: <a href=\"mailto:birgit@andreas-singers.de\">birgit@andreas-singers.de<\/a><\/p>\n<p>Melanie Huber<br \/>\nZur Limestherme 4<br \/>\n93333 Bad G\u00f6gging<br \/>\nE-Mail: <a href=\"mailto:melanie@andreas-singers.de\">melanie@andreas-singers.de<\/a><\/p>\n<p>Wir nehmen nicht an Streitbeilegungsverfahren vor einer Verbraucherschlichtungsstelle teil.<\/p>\n<p><strong>Links<\/strong><br \/>\nDie Andreas-Singers \u00fcbernimmt keine Garantie daf\u00fcr, dass die bereitgestellten Informationen vollst\u00e4ndig, richtig und aktuell sind. Dies gilt auch f\u00fcr alle Verbindungen wie beispielsweise Hyperlinks, auf die diese Website direkt oder indirekt verweist. Die Andreas-Singers ist f\u00fcr den Inhalt einer Website, die mit einem solchen Link erreicht wird, nicht verantwortlich. F\u00fcr Fehler im Text oder falsche Links wird keine Haftung \u00fcbernommen.<br \/>\nDieser Internetauftritt enth\u00e4lt Links zu externen Webseiten Dritter, auf deren Inhalte wir keinen Einfluss haben. Deshalb kann f\u00fcr diese fremden Inhalte auch keine Gew\u00e4hr \u00fcbernommen werden. Die Inhalte fremder Seiten, auf die hier verlinkt wird, spiegeln nicht die Meinung des Webseitenbetreibers wider, sondern dienen lediglich der Information und der Darstellung von Zusammenh\u00e4ngen. F\u00fcr die Inhalte der verlinkten Seiten ist stets der jeweilige Anbieter oder Betreiber der Seiten verantwortlich. Die verlinkten Seiten wurden zum Zeitpunkt der Verlinkung auf m\u00f6gliche Rechtsverst\u00f6\u00dfe \u00fcberpr\u00fcft. zum Zeitpunkt der Verlinkung waren rechtswidrige Inhalte nicht erkennbar. Eine permanente inhaltliche Kontrolle der verlinkten Seiten ist jedoch ohne konkrete Anhaltspunkte einer Rechtsverletzung nicht zumutbar. Bei Bekanntwerden von Rechtsverletzungen werden wir derartige Links umgehend entfernen.<\/p>\n<p><strong>Urheberrechte<\/strong><br \/>\nDer Inhalt dieser Site ist urheberrechtlich gesch\u00fctzt. Die bereitgestellten Informationen dienen zur pers\u00f6nlichen Information, eine kommerzielle Nutzung der redaktionellen Inhalte, Fotos und Sitestrukturen ist nicht erlaubt. Eine kommerzielle Nutzung der Daten, wie beispielsweise das automatische Auslesen von Daten, ist untersagt.<\/p>\n<p><strong>Datenschutzerkl\u00e4rung<\/strong><\/p>\n<p><strong>Geltungsbereich<\/strong><br \/>\nDiese Datenschutzerkl\u00e4rung kl\u00e4rt Nutzer \u00fcber die Art, den Umfang und Zwecke der Erhebung und Verwendung personenbezogener Daten durch den verantwortlichen Anbieter Andreas-Singers auf dieser Website (im folgenden \u201cAngebot\u201d) auf.<br \/>\nDie rechtlichen Grundlagen des Datenschutzes finden sich im Bundesdatenschutzgesetz (BDSG) und dem Telemediengesetz (TMG).<\/p>\n<p><strong>Zugriffsdaten\/ Server-Logfiles<\/strong><br \/>\nDer Anbieter (beziehungsweise sein Webspace-Provider) erhebt Daten \u00fcber jeden Zugriff auf das Angebot (so genannte Serverlogfiles). Zu den Zugriffsdaten geh\u00f6ren:<br \/>\nName der abgerufenen Webseite, Datei, Datum und Uhrzeit des Abrufs, \u00fcbertragene Datenmenge, Meldung \u00fcber erfolgreichen Abruf, Browsertyp nebst Version, das Betriebssystem des Nutzers, Referrer URL (die zuvor besuchte Seite), IP-Adresse und der anfragende Provider.<br \/>\nDer Anbieter verwendet die Protokolldaten nur f\u00fcr statistische Auswertungen zum Zweck des Betriebs, der Sicherheit und der Optimierung des Angebotes. Der Anbieterbeh\u00e4lt sich jedoch vor, die Protokolldaten nachtr\u00e4glich zu \u00fcberpr\u00fcfen, wenn aufgrund konkreter Anhaltspunkte der berechtigte Verdacht einer rechtswidrigen Nutzung besteht.<br \/>\nAuf den Servern werden Logfiles \u00fcber den Zugriff des Nutzers der Seiten aufgezeichnet, insbesondere feste bzw. dynamische IP-Adresse des aufrufenden Nutzers, aufgerufene Seiten, Browser Typ, Referrer-Adressen, Zugriffsdatum und Zugriffszeit. Wir k\u00f6nnen diese Daten abrufen. Die in den Logfiles enthaltenen Daten werden ausschlie\u00dflich zu statistischen Zwecken verwendet. Eine Identifizierung des Nutzers findet \u2013 sofern nicht gesetzlich vorgeschrieben \u2013 nicht statt.<\/p>\n<p><strong>Umgang mit personenbezogenen Daten<\/strong><br \/>\nPersonenbezogene Daten sind Informationen, mit deren Hilfe eine Person bestimmbar ist, also Angaben, die zur\u00fcck zu einer Person verfolgt werden k\u00f6nnen. Dazu geh\u00f6ren der Name, die Emailadresse oder die Telefonnummer. Aber auch Daten \u00fcber Vorlieben, Hobbies, Mitgliedschaften oder welche Webseiten von jemandem angesehen wurden z\u00e4hlen zu personenbezogenen Daten.<br \/>\nPersonenbezogene Daten werden von dem Anbieter nur dann erhoben, genutzt und weiter gegeben, wenn dies gesetzlich erlaubt ist oder die Nutzer in die Datenerhebung einwilligen.<br \/>\nPersonenbezogene Daten wie z.B. Name, Anschrift, Telefonnummer oder E-Mail-Adresse werden nicht erfasst, es sei denn, Sie geben uns diese Informationen freiwillig, z.B. zur Bearbeitung von Anfragen, zur Abwicklung von Bestellungen, bei Kommentaren, bei der Newsletternanmeldung oder bei Anfragen \u00fcber das Kontaktformular. Die freiwillig angegebenen Daten werden ausschlie\u00dflich f\u00fcr den Zweck verwendet, f\u00fcr den sie \u00fcberlassen wurden, und werden nicht an Dritte weitergegeben.<\/p>\n<p><strong>Kontaktaufnahme<\/strong><br \/>\nBei der Kontaktaufnahme mit dem Anbieter (zum Beispiel per Kontaktformular oder E-Mail) werden die Angaben des Nutzers zwecks Bearbeitung der Anfrage sowie f\u00fcr den Fall, dass Anschlussfragen entstehen, gespeichert.<\/p>\n<p><strong>Kommentare und Beitr\u00e4ge<\/strong><br \/>\nWenn Nutzer Kommentare im Blog oder sonstige Beitr\u00e4ge hinterlassen, werden ihre IP-Adressen gespeichert. Das erfolgt zur Sicherheit des Anbieters, falls jemand in Kommentaren und Beitr\u00e4gen widerrechtliche Inhalte schreibt (Beleidigungen, verbotene politische Propaganda, etc.). In diesem Fall kann der Anbieter selbst f\u00fcr den Kommentar oder Beitrag belangt werden und ist daher an der Identit\u00e4t des Verfassers interessiert.<\/p>\n<p><strong>Kommentarabonnements<\/strong><br \/>\nDie Nachfolgekommentare k\u00f6nnen durch Nutzer abonniert werden. Die Nutzer erhalten eine Best\u00e4tigungsemail, um zu \u00fcberpr\u00fcfen, ob sie der Inhaber der eingegebenen Emailadresse sind. Nutzer k\u00f6nnen laufende Kommentarabonnements jederzeit abbestellen. Die Best\u00e4tigungsemail wird Hinweise dazu enthalten.<\/p>\n<p><strong>Einbindung von Diensten und Inhalten Dritter<\/strong><br \/>\nEs kann vorkommen, dass innerhalb dieses Onlineangebotes Inhalte Dritter, wie zum Beispiel Videos von YouTube, Kartenmaterial von Google-Maps, RSS-Feeds oder Grafiken von anderen Webseiten eingebunden werden. Dies setzt immer voraus, dass die Anbieter dieser Inhalte (nachfolgend bezeichnet als &#8222;Dritt-Anbieter&#8220;) die IP-Adresse der Nutzer wahr nehmen. Denn ohne die IP-Adresse, k\u00f6nnten sie die Inhalte nicht an den Browser des jeweiligen Nutzers senden. Die IP-Adresse ist damit f\u00fcr die Darstellung dieser Inhalte erforderlich. Wir bem\u00fchen uns nur solche Inhalte zu verwenden, deren jeweilige Anbieter die IP-Adresse lediglich zur Auslieferung der Inhalte verwenden. Jedoch haben wir keinen Einfluss darauf, falls die Dritt-Anbieter die IP-Adresse z.B. f\u00fcr statistische Zwecke speichern. Soweit dies uns bekannt ist, kl\u00e4ren wir die Nutzer dar\u00fcber auf.<\/p>\n<p><strong>Cookies<\/strong><br \/>\nCookies sind kleine Dateien, die es erm\u00f6glichen, auf dem Zugriffsger\u00e4t der Nutzer (PC, Smartphone o.\u00e4.) spezifische, auf das Ger\u00e4t bezogene Informationen zu speichern. Sie dienen zum einem der Benutzerfreundlichkeit von Webseiten und damit den Nutzern (z.B. Speicherung von Logindaten). Zum anderen dienen sie, um die statistische Daten der Webseitennutzung zu erfassen und sie zwecks Verbesserung des Angebotes analysieren zu k\u00f6nnen. Die Nutzer k\u00f6nnen auf den Einsatz der Cookies Einfluss nehmen. Die meisten Browser verf\u00fcgen eine Option mit der das Speichern von Cookies eingeschr\u00e4nkt oder komplett verhindert wird. Allerdings wird darauf hingewiesen, dass die Nutzung und insbesondere der Nutzungskomfort ohne Cookies eingeschr\u00e4nkt werden.<br \/>\nDieser Internetauftritt verwendet Cookies. Bei der weiteren Nutzung des Internettauftritts erkl\u00e4ren Sie sich mit der Cookie-Nutzung einverstanden. Auf diesem Internetauftritt werden Cookies, d.h. Textdateien, die auf Ihrem Computer hinterlegt werden, verwendet. Dauerhafte Cookies erkennen, dass Ihr PC schon einmal eine Verbindung zu einem Webangebot hatte, \u201eSession Cookies\u201c speichern zuletzt angesehene Angebote. \u201eSession Cookies\u201c werden nach Ende der Sitzung gel\u00f6scht. Durch den Einsatz der Cookies in der von uns gew\u00e4hlten Gestalt, entstehen Ihnen keine Nachteile. Sie k\u00f6nnen das Setzen, d.h. Speichern von Cookies durch entsprechende Einstellungen Ihres Browsers generell akzeptieren oder ausschlie\u00dfen.<\/p>\n<p><strong>Registrierfunktion<\/strong><br \/>\nDie im Rahmen der Registrierung eingegebenen Daten werden f\u00fcr die Zwecke der Nutzung des Angebotes verwendet. Die Nutzer k\u00f6nnen \u00fcber angebots- oder registrierungsrelevante Informationen, wie \u00c4nderungen des Angebotsumfangs oder technische Umst\u00e4nde per E-Mail informiert werden. Die erhobenen Daten sind aus der Eingabemaske im Rahmen der Registrierung ersichtlich. Dazu geh\u00f6ren [HIER BITTE DIE ERHOBENEN DATEN EINGEBEN, Z.B. NAME, POSTALISCHE ADRESSE, E-MAIL-ADRESSE, IP-ADRESSE UND DEREN ZWECK, ZUM BEISPIEL COMMUNITY ODER PRODUKTESTS].<\/p>\n<p><strong>Widerruf, \u00c4nderungen, Berichtigungen und Aktualisierungen<\/strong><br \/>\nDer Nutzer hat das Recht, auf Antrag unentgeltlich Auskunft zu erhalten \u00fcber die personenbezogenen Daten, die \u00fcber ihn gespeichert wurden. Zus\u00e4tzlich hat der Nutzer das Recht auf Berichtigung unrichtiger Daten, Sperrung und L\u00f6schung seiner personenbezogenen Daten, soweit dem keine gesetzliche Aufbewahrungspflicht entgegensteht.<br \/>\nAuskunftsrecht: Sie haben das Recht, unentgeltlich Auskunft \u00fcber die personen-bezogenen Daten, die \u00fcber Sie gespeichert wurden, zu erhalten. Dies kann mittels E-Mail an melanie(at)andreas-singers.de erfolgen. Widerrufsrecht: Sie k\u00f6nnen die Speicherung der personenbezogenen Daten jederzeit mit Wirkung f\u00fcr die Zukunft widerrufen. Dies kann mittels E-Mail an melanie(at)andreas-singers.de erfolgen.<\/p>\n","protected":false},"excerpt":{"rendered":"<p>Andreas-Singers Petra Hachmann-Weber Jahnstr. 37a 93326 Abensberg E-Mail: petra@andreas-singers.de Birgit Reisinger Flurweg 24 93333 Bad G\u00f6gging E-Mail: birgit@andreas-singers.de Melanie Huber Zur Limestherme 4 93333 Bad G\u00f6gging E-Mail: melanie@andreas-singers.de Wir nehmen nicht an Streitbeilegungsverfahren vor einer Verbraucherschlichtungsstelle teil. Links Die Andreas-Singers &hellip; <a href=\"http:\/\/andreas-singers.de\/wordpress\/?page_id=21\">Weiterlesen <span class=\"meta-nav\">&rarr;<\/span><\/a><\/p>\n","protected":false},"author":1,"featured_media":898,"parent":0,"menu_order":0,"comment_status":"closed","ping_status":"closed","template":"","meta":{"ngg_post_thumbnail":0,"footnotes":""},"class_list":["post-21","page","type-page","status-publish","has-post-thumbnail","hentry"],"_links":{"self":[{"href":"http:\/\/andreas-singers.de\/wordpress\/index.php?rest_route=\/wp\/v2\/pages\/21","targetHints":{"allow":["GET"]}}],"collection":[{"href":"http:\/\/andreas-singers.de\/wordpress\/index.php?rest_route=\/wp\/v2\/pages"}],"about":[{"href":"http:\/\/andreas-singers.de\/wordpress\/index.php?rest_route=\/wp\/v2\/types\/page"}],"author":[{"embeddable":true,"href":"http:\/\/andreas-singers.de\/wordpress\/index.php?rest_route=\/wp\/v2\/users\/1"}],"replies":[{"embeddable":true,"href":"http:\/\/andreas-singers.de\/wordpress\/index.php?rest_route=%2Fwp%2Fv2%2Fcomments&post=21"}],"version-history":[{"count":9,"href":"http:\/\/andreas-singers.de\/wordpress\/index.php?rest_route=\/wp\/v2\/pages\/21\/revisions"}],"predecessor-version":[{"id":685,"href":"http:\/\/andreas-singers.de\/wordpress\/index.php?rest_route=\/wp\/v2\/pages\/21\/revisions\/685"}],"wp:featuredmedia":[{"embeddable":true,"href":"http:\/\/andreas-singers.de\/wordpress\/index.php?rest_route=\/wp\/v2\/media\/898"}],"wp:attachment":[{"href":"http:\/\/andreas-singers.de\/wordpress\/index.php?rest_route=%2Fwp%2Fv2%2Fmedia&parent=21"}],"curies":[{"name":"wp","href":"https:\/\/api.w.org\/{rel}","templated":true}]}}