{"id":16,"date":"2012-10-07T07:26:59","date_gmt":"2012-10-07T07:26:59","guid":{"rendered":"http:\/\/andreas-singers.de\/wordpress\/?page_id=16"},"modified":"2025-07-20T07:54:17","modified_gmt":"2025-07-20T07:54:17","slug":"termine","status":"publish","type":"page","link":"http:\/\/andreas-singers.de\/wordpress\/?page_id=16","title":{"rendered":"Termine"},"content":{"rendered":"<div style=\"overflow-x: scroll;\">\n<table style=\"height: 474px;\" width=\"615\">\n<tbody>\n<tr>\n<td bgcolor=\"#e3e3e3\" width=\"74\" height=\"30\"><strong><span style=\"font-family: Verdana;\">Datum<\/span><\/strong><\/td>\n<td bgcolor=\"#e3e3e3\" width=\"87\"><strong><span style=\"font-family: Verdana;\">Tag<\/span><\/strong><\/td>\n<td bgcolor=\"#e3e3e3\" width=\"90\"><strong><span style=\"font-family: Verdana;\">Uhrzeit<\/span><\/strong><\/td>\n<td bgcolor=\"#e3e3e3\" width=\"273\"><strong><span style=\"font-family: Verdana;\">Grund<\/span><\/strong><\/td>\n<td bgcolor=\"#e3e3e3\" width=\"113\"><strong><span style=\"font-family: Verdana;\">Wo<br \/>\n<\/span><\/strong><\/td>\n<\/tr>\n<tr>\n<td height=\"17\">Alle 14 Tage<\/td>\n<td>Dienstag<\/td>\n<td>19:00 Uhr<\/td>\n<td>Chorprobe 1 Std. f\u00fcr die Kleineren, 1,5- 2 St. f\u00fcr die Gro\u00dfen<\/td>\n<td>Cafe Fortuna<\/td>\n<\/tr>\n<tr>\n<td height=\"17\">26.09.2025<\/td>\n<td>Freitag<\/td>\n<td>18:00 &#8211; 21:00 Uhr<\/td>\n<td>Probenfreitag<\/td>\n<td>Pfarrsaal<\/td>\n<\/tr>\n<tr>\n<td height=\"17\">05.10.2025<\/td>\n<td>Sonntag<\/td>\n<td>09:30<\/td>\n<td>ERNTEDANK<\/td>\n<td>Pfarrkirche<\/td>\n<\/tr>\n<tr>\n<td height=\"17\">17.10.2025<\/td>\n<td>Freitag<\/td>\n<td>18:00 &#8211; 21:00 Uhr<\/td>\n<td>Probenfreitag<\/td>\n<td>Pfarrsaal<\/td>\n<\/tr>\n<tr>\n<td height=\"17\">22.11.2025<\/td>\n<td>Samstag<\/td>\n<td><\/td>\n<td>ANDREAS Markt<\/td>\n<td>Neustadt<\/td>\n<\/tr>\n<tr>\n<td height=\"17\">06.12.2025<\/td>\n<td>Samstag<\/td>\n<td>19:00 Uhr<\/td>\n<td>RORATE Amt<\/td>\n<td>Pfarrkirche<\/td>\n<\/tr>\n<tr>\n<td height=\"17\">30.11.2025<\/td>\n<td>Sonntag<\/td>\n<td>16:00 Uhr<\/td>\n<td>ADVENTSKONZERT<\/td>\n<td>Pfarrkirche<\/td>\n<\/tr>\n<tr>\n<td height=\"17\">19.12.2025<\/td>\n<td>Freitag<\/td>\n<td>18:30 Uhr<\/td>\n<td>Weihnachtsfeier<\/td>\n<td>Hotel Sonne<\/td>\n<\/tr>\n<tr>\n<td height=\"17\">24.12.2025<\/td>\n<td><\/td>\n<td>16:00 Uhr<\/td>\n<td>Christkindlandacht<\/td>\n<td>Pfarrkirche<\/td>\n<\/tr>\n<tr>\n<td height=\"17\">26.12.2025<\/td>\n<td><\/td>\n<td>10:45<\/td>\n<td>Gottesdienst<\/td>\n<td>Heiligenstadt<\/td>\n<\/tr>\n<tr>\n<td height=\"17\"><\/td>\n<td><\/td>\n<td><\/td>\n<td><\/td>\n<td><\/td>\n<\/tr>\n<tr>\n<td height=\"17\"><\/td>\n<td><\/td>\n<td><\/td>\n<td><\/td>\n<td><\/td>\n<\/tr>\n<\/tbody>\n<\/table>\n<\/div>\n","protected":false},"excerpt":{"rendered":"<p>Datum Tag Uhrzeit Grund Wo Alle 14 Tage Dienstag 19:00 Uhr Chorprobe 1 Std. f\u00fcr die Kleineren, 1,5- 2 St. f\u00fcr die Gro\u00dfen Cafe Fortuna 26.09.2025 Freitag 18:00 &#8211; 21:00 Uhr Probenfreitag Pfarrsaal 05.10.2025 Sonntag 09:30 ERNTEDANK Pfarrkirche 17.10.2025 Freitag &hellip; <a href=\"http:\/\/andreas-singers.de\/wordpress\/?page_id=16\">Weiterlesen <span class=\"meta-nav\">&rarr;<\/span><\/a><\/p>\n","protected":false},"author":1,"featured_media":776,"parent":0,"menu_order":0,"comment_status":"closed","ping_status":"closed","template":"","meta":{"ngg_post_thumbnail":0,"footnotes":""},"class_list":["post-16","page","type-page","status-publish","has-post-thumbnail","hentry"],"_links":{"self":[{"href":"http:\/\/andreas-singers.de\/wordpress\/index.php?rest_route=\/wp\/v2\/pages\/16","targetHints":{"allow":["GET"]}}],"collection":[{"href":"http:\/\/andreas-singers.de\/wordpress\/index.php?rest_route=\/wp\/v2\/pages"}],"about":[{"href":"http:\/\/andreas-singers.de\/wordpress\/index.php?rest_route=\/wp\/v2\/types\/page"}],"author":[{"embeddable":true,"href":"http:\/\/andreas-singers.de\/wordpress\/index.php?rest_route=\/wp\/v2\/users\/1"}],"replies":[{"embeddable":true,"href":"http:\/\/andreas-singers.de\/wordpress\/index.php?rest_route=%2Fwp%2Fv2%2Fcomments&post=16"}],"version-history":[{"count":273,"href":"http:\/\/andreas-singers.de\/wordpress\/index.php?rest_route=\/wp\/v2\/pages\/16\/revisions"}],"predecessor-version":[{"id":883,"href":"http:\/\/andreas-singers.de\/wordpress\/index.php?rest_route=\/wp\/v2\/pages\/16\/revisions\/883"}],"wp:featuredmedia":[{"embeddable":true,"href":"http:\/\/andreas-singers.de\/wordpress\/index.php?rest_route=\/wp\/v2\/media\/776"}],"wp:attachment":[{"href":"http:\/\/andreas-singers.de\/wordpress\/index.php?rest_route=%2Fwp%2Fv2%2Fmedia&parent=16"}],"curies":[{"name":"wp","href":"https:\/\/api.w.org\/{rel}","templated":true}]}}